{"id":8,"date":"2022-03-24T15:31:52","date_gmt":"2022-03-24T15:31:52","guid":{"rendered":"https:\/\/destouchesportrait.com\/?page_id=8"},"modified":"2026-03-25T17:55:57","modified_gmt":"2026-03-25T17:55:57","slug":"home","status":"publish","type":"page","link":"https:\/\/destouchesportrait.com\/","title":{"rendered":"Accueil"},"content":{"rendered":"\n<div class=\"wp-block-group\"><div class=\"wp-block-group__inner-container is-layout-flow wp-block-group-is-layout-flow\"><ul class=\"wp-block-latest-posts__list has-dates wp-block-latest-posts\"><li><a class=\"wp-block-latest-posts__post-title\" href=\"https:\/\/destouchesportrait.com\/index.php\/2022\/04\/13\/prochaine-exposition\/\">Prochaine Exposition<\/a><time datetime=\"2022-04-13T12:08:04+00:00\" class=\"wp-block-latest-posts__post-date\">avril 13, 2022<\/time><div class=\"wp-block-latest-posts__post-full-content\"><!-- wp:list -->\n<ul class=\"wp-block-list\"><!-- wp:list-item -->\n<li>Exposition au Pavillon du Verdurier \u00e0 Limoges, du 5 au 19 mai 2026<\/li>\n<!-- \/wp:list-item -->\n\n<!-- wp:list-item -->\n<li>Exposition Animalia des artistes animaliers du dimanche 24 avril au samedi 07 mai 2022 de 10h \u00e0 12h et de 14h \u00e0 18h30 \u00e0 la Salle Jammet, Mairie de Masseret (19510)<\/li>\n<!-- \/wp:list-item --><\/ul>\n<!-- \/wp:list -->\n\n<!-- wp:image {\"id\":181,\"width\":\"812px\",\"height\":\"425px\",\"sizeSlug\":\"large\",\"linkDestination\":\"none\"} -->\n<figure class=\"wp-block-image size-large is-resized\"><img loading=\"lazy\" decoding=\"async\" width=\"1024\" height=\"537\" src=\"https:\/\/destouchesportrait.com\/wp-content\/uploads\/2022\/04\/invit-210x110-vector-2-1024x537.jpg\" alt=\"\" class=\"wp-image-181\" style=\"width:812px;height:425px\" srcset=\"https:\/\/destouchesportrait.com\/wp-content\/uploads\/2022\/04\/invit-210x110-vector-2-1024x537.jpg 1024w, https:\/\/destouchesportrait.com\/wp-content\/uploads\/2022\/04\/invit-210x110-vector-2-300x157.jpg 300w, https:\/\/destouchesportrait.com\/wp-content\/uploads\/2022\/04\/invit-210x110-vector-2-768x403.jpg 768w, https:\/\/destouchesportrait.com\/wp-content\/uploads\/2022\/04\/invit-210x110-vector-2-1536x805.jpg 1536w, https:\/\/destouchesportrait.com\/wp-content\/uploads\/2022\/04\/invit-210x110-vector-2-2048x1073.jpg 2048w, https:\/\/destouchesportrait.com\/wp-content\/uploads\/2022\/04\/invit-210x110-vector-2-1320x692.jpg 1320w, https:\/\/destouchesportrait.com\/wp-content\/uploads\/2022\/04\/invit-210x110-vector-2-600x314.jpg 600w\" sizes=\"auto, (max-width: 1024px) 100vw, 1024px\" \/><\/figure>\n<!-- \/wp:image -->\n\n<!-- wp:image -->\n<figure class=\"wp-block-image\"><img alt=\"\" \/><\/figure>\n<!-- \/wp:image --><\/div><\/li>\n<li><a class=\"wp-block-latest-posts__post-title\" href=\"https:\/\/destouchesportrait.com\/index.php\/2022\/04\/13\/depliant\/\">D\u00e9pliant<\/a><time datetime=\"2022-04-13T12:01:40+00:00\" class=\"wp-block-latest-posts__post-date\">avril 13, 2022<\/time><div class=\"wp-block-latest-posts__post-full-content\"><!-- wp:jetpack\/slideshow {\"autoplay\":true,\"ids\":[224,226,205,204],\"sizeSlug\":\"large\"} -->\n<div class=\"wp-block-jetpack-slideshow aligncenter\" data-autoplay=\"true\" data-delay=\"3\" data-effect=\"slide\"><div class=\"wp-block-jetpack-slideshow_container swiper-container\"><ul class=\"wp-block-jetpack-slideshow_swiper-wrapper swiper-wrapper\"><li class=\"wp-block-jetpack-slideshow_slide swiper-slide\"><figure><img loading=\"lazy\" decoding=\"async\" width=\"1024\" height=\"838\" alt=\"\" class=\"wp-block-jetpack-slideshow_image wp-image-224\" data-id=\"224\" src=\"https:\/\/destouchesportrait.com\/wp-content\/uploads\/2022\/04\/mockup-depliant-face-1024x838.png\" srcset=\"https:\/\/destouchesportrait.com\/wp-content\/uploads\/2022\/04\/mockup-depliant-face-1024x838.png 1024w, https:\/\/destouchesportrait.com\/wp-content\/uploads\/2022\/04\/mockup-depliant-face-300x245.png 300w, https:\/\/destouchesportrait.com\/wp-content\/uploads\/2022\/04\/mockup-depliant-face-768x628.png 768w, https:\/\/destouchesportrait.com\/wp-content\/uploads\/2022\/04\/mockup-depliant-face-1536x1257.png 1536w, https:\/\/destouchesportrait.com\/wp-content\/uploads\/2022\/04\/mockup-depliant-face-2048x1676.png 2048w, https:\/\/destouchesportrait.com\/wp-content\/uploads\/2022\/04\/mockup-depliant-face-1320x1080.png 1320w, https:\/\/destouchesportrait.com\/wp-content\/uploads\/2022\/04\/mockup-depliant-face-600x491.png 600w\" sizes=\"auto, (max-width: 1024px) 100vw, 1024px\" \/><\/figure><\/li><li class=\"wp-block-jetpack-slideshow_slide swiper-slide\"><figure><img loading=\"lazy\" decoding=\"async\" width=\"1024\" height=\"922\" alt=\"\" class=\"wp-block-jetpack-slideshow_image wp-image-226\" data-id=\"226\" src=\"https:\/\/destouchesportrait.com\/wp-content\/uploads\/2022\/04\/mockup-depliant-interieur-1024x922.png\" srcset=\"https:\/\/destouchesportrait.com\/wp-content\/uploads\/2022\/04\/mockup-depliant-interieur-1024x922.png 1024w, https:\/\/destouchesportrait.com\/wp-content\/uploads\/2022\/04\/mockup-depliant-interieur-300x270.png 300w, https:\/\/destouchesportrait.com\/wp-content\/uploads\/2022\/04\/mockup-depliant-interieur-768x691.png 768w, https:\/\/destouchesportrait.com\/wp-content\/uploads\/2022\/04\/mockup-depliant-interieur-1536x1382.png 1536w, https:\/\/destouchesportrait.com\/wp-content\/uploads\/2022\/04\/mockup-depliant-interieur-2048x1843.png 2048w, https:\/\/destouchesportrait.com\/wp-content\/uploads\/2022\/04\/mockup-depliant-interieur-1320x1188.png 1320w, https:\/\/destouchesportrait.com\/wp-content\/uploads\/2022\/04\/mockup-depliant-interieur-600x540.png 600w\" sizes=\"auto, (max-width: 1024px) 100vw, 1024px\" \/><\/figure><\/li><li class=\"wp-block-jetpack-slideshow_slide swiper-slide\"><figure><img loading=\"lazy\" decoding=\"async\" width=\"842\" height=\"595\" alt=\"\" class=\"wp-block-jetpack-slideshow_image wp-image-205\" data-id=\"205\" src=\"https:\/\/destouchesportrait.com\/wp-content\/uploads\/2022\/04\/Visuel-depliant-v52.jpg\" srcset=\"https:\/\/destouchesportrait.com\/wp-content\/uploads\/2022\/04\/Visuel-depliant-v52.jpg 842w, https:\/\/destouchesportrait.com\/wp-content\/uploads\/2022\/04\/Visuel-depliant-v52-300x212.jpg 300w, https:\/\/destouchesportrait.com\/wp-content\/uploads\/2022\/04\/Visuel-depliant-v52-768x543.jpg 768w, https:\/\/destouchesportrait.com\/wp-content\/uploads\/2022\/04\/Visuel-depliant-v52-600x424.jpg 600w\" sizes=\"auto, (max-width: 842px) 100vw, 842px\" \/><figcaption class=\"wp-block-jetpack-slideshow_caption gallery-caption\">Face avant d\u00e9pliant<\/figcaption><\/figure><\/li><li class=\"wp-block-jetpack-slideshow_slide swiper-slide\"><figure><img loading=\"lazy\" decoding=\"async\" width=\"842\" height=\"595\" alt=\"\" class=\"wp-block-jetpack-slideshow_image wp-image-204\" data-id=\"204\" src=\"https:\/\/destouchesportrait.com\/wp-content\/uploads\/2022\/04\/Visuel-depliant-v5.jpg\" srcset=\"https:\/\/destouchesportrait.com\/wp-content\/uploads\/2022\/04\/Visuel-depliant-v5.jpg 842w, https:\/\/destouchesportrait.com\/wp-content\/uploads\/2022\/04\/Visuel-depliant-v5-300x212.jpg 300w, https:\/\/destouchesportrait.com\/wp-content\/uploads\/2022\/04\/Visuel-depliant-v5-768x543.jpg 768w, https:\/\/destouchesportrait.com\/wp-content\/uploads\/2022\/04\/Visuel-depliant-v5-600x424.jpg 600w\" sizes=\"auto, (max-width: 842px) 100vw, 842px\" \/><figcaption class=\"wp-block-jetpack-slideshow_caption gallery-caption\">int\u00e9rieur d\u00e9pliant<\/figcaption><\/figure><\/li><\/ul><a class=\"wp-block-jetpack-slideshow_button-prev swiper-button-prev swiper-button-white\" role=\"button\"><\/a><a class=\"wp-block-jetpack-slideshow_button-next swiper-button-next swiper-button-white\" role=\"button\"><\/a><a aria-label=\"Pause Slideshow\" class=\"wp-block-jetpack-slideshow_button-pause\" role=\"button\"><\/a><div class=\"wp-block-jetpack-slideshow_pagination swiper-pagination swiper-pagination-white\"><\/div><\/div><\/div>\n<!-- \/wp:jetpack\/slideshow --><\/div><\/li>\n<li><a class=\"wp-block-latest-posts__post-title\" href=\"https:\/\/destouchesportrait.com\/index.php\/2022\/04\/13\/kakemonos\/\">Kak\u00e9monos<\/a><time datetime=\"2022-04-13T12:01:10+00:00\" class=\"wp-block-latest-posts__post-date\">avril 13, 2022<\/time><div class=\"wp-block-latest-posts__post-full-content\"><!-- wp:jetpack\/slideshow {\"autoplay\":true,\"ids\":[221,222],\"sizeSlug\":\"large\"} -->\n<div class=\"wp-block-jetpack-slideshow aligncenter\" data-autoplay=\"true\" data-delay=\"3\" data-effect=\"slide\"><div class=\"wp-block-jetpack-slideshow_container swiper-container\"><ul class=\"wp-block-jetpack-slideshow_swiper-wrapper swiper-wrapper\"><li class=\"wp-block-jetpack-slideshow_slide swiper-slide\"><figure><img loading=\"lazy\" decoding=\"async\" width=\"512\" height=\"1024\" alt=\"\" class=\"wp-block-jetpack-slideshow_image wp-image-221\" data-id=\"221\" src=\"http:\/\/destouchesportrait.com\/wp-content\/uploads\/2022\/04\/kakemonos-512x1024.jpg\" srcset=\"https:\/\/destouchesportrait.com\/wp-content\/uploads\/2022\/04\/kakemonos-512x1024.jpg 512w, https:\/\/destouchesportrait.com\/wp-content\/uploads\/2022\/04\/kakemonos-150x300.jpg 150w, https:\/\/destouchesportrait.com\/wp-content\/uploads\/2022\/04\/kakemonos-768x1536.jpg 768w, https:\/\/destouchesportrait.com\/wp-content\/uploads\/2022\/04\/kakemonos-1024x2048.jpg 1024w, https:\/\/destouchesportrait.com\/wp-content\/uploads\/2022\/04\/kakemonos-1320x2640.jpg 1320w, https:\/\/destouchesportrait.com\/wp-content\/uploads\/2022\/04\/kakemonos-600x1200.jpg 600w, https:\/\/destouchesportrait.com\/wp-content\/uploads\/2022\/04\/kakemonos-scaled.jpg 1280w\" sizes=\"auto, (max-width: 512px) 100vw, 512px\" \/><\/figure><\/li><li class=\"wp-block-jetpack-slideshow_slide swiper-slide\"><figure><img loading=\"lazy\" decoding=\"async\" width=\"512\" height=\"1024\" alt=\"\" class=\"wp-block-jetpack-slideshow_image wp-image-222\" data-id=\"222\" src=\"http:\/\/destouchesportrait.com\/wp-content\/uploads\/2022\/04\/kakemonos2-512x1024.jpg\" srcset=\"https:\/\/destouchesportrait.com\/wp-content\/uploads\/2022\/04\/kakemonos2-512x1024.jpg 512w, https:\/\/destouchesportrait.com\/wp-content\/uploads\/2022\/04\/kakemonos2-150x300.jpg 150w, https:\/\/destouchesportrait.com\/wp-content\/uploads\/2022\/04\/kakemonos2-768x1536.jpg 768w, https:\/\/destouchesportrait.com\/wp-content\/uploads\/2022\/04\/kakemonos2-1024x2048.jpg 1024w, https:\/\/destouchesportrait.com\/wp-content\/uploads\/2022\/04\/kakemonos2-1320x2640.jpg 1320w, https:\/\/destouchesportrait.com\/wp-content\/uploads\/2022\/04\/kakemonos2-600x1200.jpg 600w, https:\/\/destouchesportrait.com\/wp-content\/uploads\/2022\/04\/kakemonos2-scaled.jpg 1280w\" sizes=\"auto, (max-width: 512px) 100vw, 512px\" \/><\/figure><\/li><\/ul><a class=\"wp-block-jetpack-slideshow_button-prev swiper-button-prev swiper-button-white\" role=\"button\"><\/a><a class=\"wp-block-jetpack-slideshow_button-next swiper-button-next swiper-button-white\" role=\"button\"><\/a><a aria-label=\"Pause Slideshow\" class=\"wp-block-jetpack-slideshow_button-pause\" role=\"button\"><\/a><div class=\"wp-block-jetpack-slideshow_pagination swiper-pagination swiper-pagination-white\"><\/div><\/div><\/div>\n<!-- \/wp:jetpack\/slideshow --><\/div><\/li>\n<li><a class=\"wp-block-latest-posts__post-title\" href=\"https:\/\/destouchesportrait.com\/index.php\/2022\/04\/13\/carte-de-visite\/\">Carte de visite<\/a><time datetime=\"2022-04-13T12:00:42+00:00\" class=\"wp-block-latest-posts__post-date\">avril 13, 2022<\/time><div class=\"wp-block-latest-posts__post-full-content\"><!-- wp:jetpack\/slideshow {\"autoplay\":true,\"ids\":[233,216,217],\"sizeSlug\":\"large\"} -->\n<div class=\"wp-block-jetpack-slideshow aligncenter\" data-autoplay=\"true\" data-delay=\"3\" data-effect=\"slide\"><div class=\"wp-block-jetpack-slideshow_container swiper-container\"><ul class=\"wp-block-jetpack-slideshow_swiper-wrapper swiper-wrapper\"><li class=\"wp-block-jetpack-slideshow_slide swiper-slide\"><figure><img loading=\"lazy\" decoding=\"async\" width=\"1024\" height=\"731\" alt=\"\" class=\"wp-block-jetpack-slideshow_image wp-image-233\" data-id=\"233\" src=\"http:\/\/destouchesportrait.com\/wp-content\/uploads\/2022\/04\/carte-de-visite-1024x731.png\" srcset=\"https:\/\/destouchesportrait.com\/wp-content\/uploads\/2022\/04\/carte-de-visite-1024x731.png 1024w, https:\/\/destouchesportrait.com\/wp-content\/uploads\/2022\/04\/carte-de-visite-300x214.png 300w, https:\/\/destouchesportrait.com\/wp-content\/uploads\/2022\/04\/carte-de-visite-768x549.png 768w, https:\/\/destouchesportrait.com\/wp-content\/uploads\/2022\/04\/carte-de-visite-1536x1097.png 1536w, https:\/\/destouchesportrait.com\/wp-content\/uploads\/2022\/04\/carte-de-visite-2048x1463.png 2048w, https:\/\/destouchesportrait.com\/wp-content\/uploads\/2022\/04\/carte-de-visite-1320x943.png 1320w, https:\/\/destouchesportrait.com\/wp-content\/uploads\/2022\/04\/carte-de-visite-600x429.png 600w\" sizes=\"auto, (max-width: 1024px) 100vw, 1024px\" \/><\/figure><\/li><li class=\"wp-block-jetpack-slideshow_slide swiper-slide\"><figure><img loading=\"lazy\" decoding=\"async\" width=\"241\" height=\"156\" alt=\"\" class=\"wp-block-jetpack-slideshow_image wp-image-216\" data-id=\"216\" src=\"http:\/\/destouchesportrait.com\/wp-content\/uploads\/2022\/04\/carte-de-visite-1.jpg\" \/><\/figure><\/li><li class=\"wp-block-jetpack-slideshow_slide swiper-slide\"><figure><img loading=\"lazy\" decoding=\"async\" width=\"241\" height=\"156\" alt=\"\" class=\"wp-block-jetpack-slideshow_image wp-image-217\" data-id=\"217\" src=\"http:\/\/destouchesportrait.com\/wp-content\/uploads\/2022\/04\/carte-de-visite2.jpg\" \/><\/figure><\/li><\/ul><a class=\"wp-block-jetpack-slideshow_button-prev swiper-button-prev swiper-button-white\" role=\"button\"><\/a><a class=\"wp-block-jetpack-slideshow_button-next swiper-button-next swiper-button-white\" role=\"button\"><\/a><a aria-label=\"Pause Slideshow\" class=\"wp-block-jetpack-slideshow_button-pause\" role=\"button\"><\/a><div class=\"wp-block-jetpack-slideshow_pagination swiper-pagination swiper-pagination-white\"><\/div><\/div><\/div>\n<!-- \/wp:jetpack\/slideshow --><\/div><\/li>\n<li><a class=\"wp-block-latest-posts__post-title\" href=\"https:\/\/destouchesportrait.com\/index.php\/2022\/03\/31\/136\/\">Articles<\/a><time datetime=\"2022-03-31T12:16:45+00:00\" class=\"wp-block-latest-posts__post-date\">mars 31, 2022<\/time><div class=\"wp-block-latest-posts__post-full-content\"><!-- wp:heading -->\n<h2>Articles<\/h2>\n<!-- \/wp:heading -->\n\n<!-- wp:spacer {\"height\":\"68px\"} -->\n<div style=\"height:68px\" aria-hidden=\"true\" class=\"wp-block-spacer\"><\/div>\n<!-- \/wp:spacer -->\n\n<!-- wp:media-text {\"mediaId\":77,\"mediaLink\":\"https:\/\/destouchesportrait.com\/index.php\/home\/capture-decran-2022-03-07-a-09-21-53\/\",\"mediaType\":\"image\",\"mediaWidth\":38,\"verticalAlignment\":\"top\"} -->\n<div class=\"wp-block-media-text alignwide is-stacked-on-mobile is-vertically-aligned-top\" style=\"grid-template-columns:38% auto\"><figure class=\"wp-block-media-text__media\"><img loading=\"lazy\" decoding=\"async\" width=\"679\" height=\"715\" src=\"http:\/\/destouchesportrait.com\/wp-content\/uploads\/2022\/03\/Capture-decran-2022-03-07-a-09.21.53.png\" alt=\"\" class=\"wp-image-77 size-full\" srcset=\"https:\/\/destouchesportrait.com\/wp-content\/uploads\/2022\/03\/Capture-decran-2022-03-07-a-09.21.53.png 679w, https:\/\/destouchesportrait.com\/wp-content\/uploads\/2022\/03\/Capture-decran-2022-03-07-a-09.21.53-600x632.png 600w, https:\/\/destouchesportrait.com\/wp-content\/uploads\/2022\/03\/Capture-decran-2022-03-07-a-09.21.53-285x300.png 285w\" sizes=\"auto, (max-width: 679px) 100vw, 679px\" \/><\/figure><div class=\"wp-block-media-text__content\"><!-- wp:quote {\"fontSize\":\"normal\"} -->\n<blockquote class=\"wp-block-quote has-normal-font-size\"><p>\u00ab\u00a0Elle essaie de retransmettre la vivacit\u00e9 des animaux avec le plus d\u2019\u00e9motions possibles.\u00a0\u00bb<\/p><cite><em>Le Populaire Du Centre Mardi 4 F\u00e9vrier 2020<\/em><\/cite><\/blockquote>\n<!-- \/wp:quote -->\n\n<!-- wp:quote {\"fontSize\":\"normal\"} -->\n<blockquote class=\"wp-block-quote has-normal-font-size\"><p>\u00ab C\u2019est une\u00a0perfectionniste qui joue avec les couleurs et la technique du clair-obscur. \u00bb<\/p><cite><em><em>Le Populaire Du Centre Mardi 4 F\u00e9vrier 2020<\/em><\/em><\/cite><\/blockquote>\n<!-- \/wp:quote --><\/div><\/div>\n<!-- \/wp:media-text -->\n\n<!-- wp:gallery {\"ids\":[],\"shortCodeTransforms\":[],\"linkTo\":\"none\"} -->\n<figure class=\"wp-block-gallery has-nested-images columns-default is-cropped\"><!-- wp:image {\"id\":83,\"sizeSlug\":\"large\",\"linkDestination\":\"none\"} -->\n<figure class=\"wp-block-image size-large\"><img loading=\"lazy\" decoding=\"async\" width=\"645\" height=\"608\" src=\"http:\/\/destouchesportrait.com\/wp-content\/uploads\/2022\/03\/Capture-decran-2022-03-07-a-09.22.24.png\" alt=\"\" class=\"wp-image-83\" srcset=\"https:\/\/destouchesportrait.com\/wp-content\/uploads\/2022\/03\/Capture-decran-2022-03-07-a-09.22.24.png 645w, https:\/\/destouchesportrait.com\/wp-content\/uploads\/2022\/03\/Capture-decran-2022-03-07-a-09.22.24-600x566.png 600w, https:\/\/destouchesportrait.com\/wp-content\/uploads\/2022\/03\/Capture-decran-2022-03-07-a-09.22.24-300x283.png 300w\" sizes=\"auto, (max-width: 645px) 100vw, 645px\" \/><\/figure>\n<!-- \/wp:image -->\n\n<!-- wp:image {\"id\":82,\"sizeSlug\":\"large\",\"linkDestination\":\"none\"} -->\n<figure class=\"wp-block-image size-large\"><img loading=\"lazy\" decoding=\"async\" width=\"387\" height=\"264\" src=\"http:\/\/destouchesportrait.com\/wp-content\/uploads\/2022\/03\/Capture-decran-2022-03-07-a-09.22.12.png\" alt=\"\" class=\"wp-image-82\" srcset=\"https:\/\/destouchesportrait.com\/wp-content\/uploads\/2022\/03\/Capture-decran-2022-03-07-a-09.22.12.png 387w, https:\/\/destouchesportrait.com\/wp-content\/uploads\/2022\/03\/Capture-decran-2022-03-07-a-09.22.12-300x205.png 300w\" sizes=\"auto, (max-width: 387px) 100vw, 387px\" \/><\/figure>\n<!-- \/wp:image -->\n\n<!-- wp:image {\"id\":78,\"sizeSlug\":\"large\",\"linkDestination\":\"none\"} -->\n<figure class=\"wp-block-image size-large\"><img loading=\"lazy\" decoding=\"async\" width=\"645\" height=\"426\" src=\"http:\/\/destouchesportrait.com\/wp-content\/uploads\/2022\/03\/Capture-decran-2022-03-07-a-09.22.04.png\" alt=\"\" class=\"wp-image-78\" srcset=\"https:\/\/destouchesportrait.com\/wp-content\/uploads\/2022\/03\/Capture-decran-2022-03-07-a-09.22.04.png 645w, https:\/\/destouchesportrait.com\/wp-content\/uploads\/2022\/03\/Capture-decran-2022-03-07-a-09.22.04-600x396.png 600w, https:\/\/destouchesportrait.com\/wp-content\/uploads\/2022\/03\/Capture-decran-2022-03-07-a-09.22.04-300x198.png 300w\" sizes=\"auto, (max-width: 645px) 100vw, 645px\" \/><\/figure>\n<!-- \/wp:image --><\/figure>\n<!-- \/wp:gallery --><\/div><\/li>\n<\/ul><\/div><\/div>\n\n\n\n<div style=\"height:25px\" aria-hidden=\"true\" class=\"wp-block-spacer\"><\/div>\n\n\n\n<h2 class=\"wp-block-heading\">T\u00e9moignages clients<\/h2>\n\n\n\n<blockquote class=\"wp-block-quote has-normal-font-size is-layout-flow wp-block-quote-is-layout-flow\">\n<p>&#8211; Un bel hommage \u00e0 Coca et Ramses ! Ce sont eux !!<\/p>\n\n\n\n<p>&#8211; Tableaux vivants, ressemblants !<\/p>\n\n\n\n<p>&#8211; Le regard des chats est fascinant !<\/p>\n\n\n\n<p>&#8211; Les \u00abchats\u00bb nous surveillent nous \u00e9pient ! Douce m\u00e9lancolie de leur regard.<\/p>\n\n\n\n<p>&#8211; Belle peinture animali\u00e8re.<\/p>\n\n\n\n<p>&#8211; Oeuvre plus intense qu\u2019une photo !<\/p>\n\n\n\n<p>&#8211; Belle mise en valeur de l\u2019animal.<\/p>\n\n\n\n<p>&#8211; Le tableau permet de garder le souvenir de leur affection.<\/p>\n<cite>Lorraine<br><\/cite><\/blockquote>\n","protected":false},"excerpt":{"rendered":"<p>T\u00e9moignages clients &#8211; Un bel hommage \u00e0 Coca et Ramses ! Ce sont eux !! &#8211; Tableaux vivants, ressemblants !<\/p>\n<p><a href=\"https:\/\/destouchesportrait.com\/\" class=\"more-link\">Continue reading<span class=\"screen-reader-text\">Accueil<\/span><\/a><\/p>\n","protected":false},"author":1,"featured_media":77,"parent":0,"menu_order":0,"comment_status":"closed","ping_status":"closed","template":"","meta":{"om_disable_all_campaigns":false,"_monsterinsights_skip_tracking":false,"_monsterinsights_sitenote_active":false,"_monsterinsights_sitenote_note":"","_monsterinsights_sitenote_category":0,"footnotes":""},"class_list":["post-8","page","type-page","status-publish","has-post-thumbnail","hentry"],"jetpack_sharing_enabled":true,"_links":{"self":[{"href":"https:\/\/destouchesportrait.com\/index.php\/wp-json\/wp\/v2\/pages\/8","targetHints":{"allow":["GET"]}}],"collection":[{"href":"https:\/\/destouchesportrait.com\/index.php\/wp-json\/wp\/v2\/pages"}],"about":[{"href":"https:\/\/destouchesportrait.com\/index.php\/wp-json\/wp\/v2\/types\/page"}],"author":[{"embeddable":true,"href":"https:\/\/destouchesportrait.com\/index.php\/wp-json\/wp\/v2\/users\/1"}],"replies":[{"embeddable":true,"href":"https:\/\/destouchesportrait.com\/index.php\/wp-json\/wp\/v2\/comments?post=8"}],"version-history":[{"count":18,"href":"https:\/\/destouchesportrait.com\/index.php\/wp-json\/wp\/v2\/pages\/8\/revisions"}],"predecessor-version":[{"id":256,"href":"https:\/\/destouchesportrait.com\/index.php\/wp-json\/wp\/v2\/pages\/8\/revisions\/256"}],"wp:featuredmedia":[{"embeddable":true,"href":"https:\/\/destouchesportrait.com\/index.php\/wp-json\/wp\/v2\/media\/77"}],"wp:attachment":[{"href":"https:\/\/destouchesportrait.com\/index.php\/wp-json\/wp\/v2\/media?parent=8"}],"curies":[{"name":"wp","href":"https:\/\/api.w.org\/{rel}","templated":true}]}}