{"id":123,"date":"2022-03-29T14:29:24","date_gmt":"2022-03-29T14:29:24","guid":{"rendered":"https:\/\/destouchesportrait.com\/?post_type=product&#038;p=123"},"modified":"2022-03-31T14:27:16","modified_gmt":"2022-03-31T14:27:16","slug":"peinture-40x50cm-chiens-plus-dinformations","status":"publish","type":"product","link":"https:\/\/destouchesportrait.com\/index.php\/product\/peinture-40x50cm-chiens-plus-dinformations\/","title":{"rendered":"Peinture 40x50cm chiens plus d&rsquo;informations"},"content":{"rendered":"<p>Peintures chiens uniquement 40x50cm avec cadre noir<\/p>\n<p>Mes peintures sont grandeurs natures.<\/p>\n<p>Je peins vos tableaux apr\u00e8s entretiens avec vous en m&rsquo;inspirant de photos pr\u00e9alablement envoy\u00e9es.<\/p>\n<p>Prix fixe : 280\u20ac par chiens figurant sur la photo.<\/p>\n","protected":false},"excerpt":{"rendered":"<p>Peintures chiens uniquement 40x50cm avec cadre noir Mes peintures sont grandeurs natures. Je peins vos tableaux apr\u00e8s entretiens avec vous<\/p>\n<p><a href=\"https:\/\/destouchesportrait.com\/index.php\/product\/peinture-40x50cm-chiens-plus-dinformations\/\" class=\"more-link\">Continue reading<span class=\"screen-reader-text\">Peinture 40x50cm chiens plus d&rsquo;informations<\/span><\/a><\/p>\n","protected":false},"featured_media":162,"comment_status":"open","ping_status":"closed","template":"","meta":{"om_disable_all_campaigns":false,"_monsterinsights_skip_tracking":false,"_monsterinsights_sitenote_active":false,"_monsterinsights_sitenote_note":"","_monsterinsights_sitenote_category":0},"product_brand":[],"product_cat":[23],"product_tag":[24],"class_list":{"0":"post-123","1":"product","2":"type-product","3":"status-publish","4":"has-post-thumbnail","6":"product_cat-peintures","7":"product_tag-peintures","9":"first","10":"instock","11":"taxable","12":"shipping-taxable","13":"purchasable","14":"product-type-simple"},"jetpack_sharing_enabled":true,"_links":{"self":[{"href":"https:\/\/destouchesportrait.com\/index.php\/wp-json\/wp\/v2\/product\/123","targetHints":{"allow":["GET"]}}],"collection":[{"href":"https:\/\/destouchesportrait.com\/index.php\/wp-json\/wp\/v2\/product"}],"about":[{"href":"https:\/\/destouchesportrait.com\/index.php\/wp-json\/wp\/v2\/types\/product"}],"replies":[{"embeddable":true,"href":"https:\/\/destouchesportrait.com\/index.php\/wp-json\/wp\/v2\/comments?post=123"}],"wp:featuredmedia":[{"embeddable":true,"href":"https:\/\/destouchesportrait.com\/index.php\/wp-json\/wp\/v2\/media\/162"}],"wp:attachment":[{"href":"https:\/\/destouchesportrait.com\/index.php\/wp-json\/wp\/v2\/media?parent=123"}],"wp:term":[{"taxonomy":"product_brand","embeddable":true,"href":"https:\/\/destouchesportrait.com\/index.php\/wp-json\/wp\/v2\/product_brand?post=123"},{"taxonomy":"product_cat","embeddable":true,"href":"https:\/\/destouchesportrait.com\/index.php\/wp-json\/wp\/v2\/product_cat?post=123"},{"taxonomy":"product_tag","embeddable":true,"href":"https:\/\/destouchesportrait.com\/index.php\/wp-json\/wp\/v2\/product_tag?post=123"}],"curies":[{"name":"wp","href":"https:\/\/api.w.org\/{rel}","templated":true}]}}