{"id":126,"date":"2022-03-29T14:57:57","date_gmt":"2022-03-29T14:57:57","guid":{"rendered":"https:\/\/destouchesportrait.com\/?post_type=product&#038;p=126"},"modified":"2022-04-08T07:46:32","modified_gmt":"2022-04-08T07:46:32","slug":"peinture-40x50cm-portrait-humain-plus-dinformations","status":"publish","type":"product","link":"https:\/\/destouchesportrait.com\/index.php\/product\/peinture-40x50cm-portrait-humain-plus-dinformations\/","title":{"rendered":"Peinture 40x50cm portrait humain plus d&rsquo;informations"},"content":{"rendered":"<p>Peintures portrait humain uniquement 40x50cm avec cadre noir<\/p>\n<p>Mes peintures sont grandeurs natures.<\/p>\n<p>Je peins vos tableaux apr\u00e8s entretiens avec vous en m&rsquo;inspirant de photos pr\u00e9alablement envoy\u00e9es.<\/p>\n<p>Prix fixe : 350\u20ac par personnes figurant sur la photo.<\/p>\n","protected":false},"excerpt":{"rendered":"<p>Peintures portrait humain uniquement 40x50cm avec cadre noir Mes peintures sont grandeurs natures. Je peins vos tableaux apr\u00e8s entretiens avec<\/p>\n<p><a href=\"https:\/\/destouchesportrait.com\/index.php\/product\/peinture-40x50cm-portrait-humain-plus-dinformations\/\" class=\"more-link\">Continue reading<span class=\"screen-reader-text\">Peinture 40x50cm portrait humain plus d&rsquo;informations<\/span><\/a><\/p>\n","protected":false},"featured_media":165,"comment_status":"open","ping_status":"closed","template":"","meta":{"om_disable_all_campaigns":false,"_monsterinsights_skip_tracking":false,"_monsterinsights_sitenote_active":false,"_monsterinsights_sitenote_note":"","_monsterinsights_sitenote_category":0},"product_brand":[],"product_cat":[23],"product_tag":[24,25],"class_list":{"0":"post-126","1":"product","2":"type-product","3":"status-publish","4":"has-post-thumbnail","6":"product_cat-peintures","7":"product_tag-peintures","8":"product_tag-portrait-humain","10":"first","11":"instock","12":"taxable","13":"shipping-taxable","14":"purchasable","15":"product-type-simple"},"jetpack_sharing_enabled":true,"_links":{"self":[{"href":"https:\/\/destouchesportrait.com\/index.php\/wp-json\/wp\/v2\/product\/126","targetHints":{"allow":["GET"]}}],"collection":[{"href":"https:\/\/destouchesportrait.com\/index.php\/wp-json\/wp\/v2\/product"}],"about":[{"href":"https:\/\/destouchesportrait.com\/index.php\/wp-json\/wp\/v2\/types\/product"}],"replies":[{"embeddable":true,"href":"https:\/\/destouchesportrait.com\/index.php\/wp-json\/wp\/v2\/comments?post=126"}],"wp:featuredmedia":[{"embeddable":true,"href":"https:\/\/destouchesportrait.com\/index.php\/wp-json\/wp\/v2\/media\/165"}],"wp:attachment":[{"href":"https:\/\/destouchesportrait.com\/index.php\/wp-json\/wp\/v2\/media?parent=126"}],"wp:term":[{"taxonomy":"product_brand","embeddable":true,"href":"https:\/\/destouchesportrait.com\/index.php\/wp-json\/wp\/v2\/product_brand?post=126"},{"taxonomy":"product_cat","embeddable":true,"href":"https:\/\/destouchesportrait.com\/index.php\/wp-json\/wp\/v2\/product_cat?post=126"},{"taxonomy":"product_tag","embeddable":true,"href":"https:\/\/destouchesportrait.com\/index.php\/wp-json\/wp\/v2\/product_tag?post=126"}],"curies":[{"name":"wp","href":"https:\/\/api.w.org\/{rel}","templated":true}]}}