{"id":97,"date":"2022-03-28T08:34:11","date_gmt":"2022-03-28T08:34:11","guid":{"rendered":"https:\/\/destouchesportrait.com\/?post_type=product&#038;p=97"},"modified":"2022-04-07T15:03:18","modified_gmt":"2022-04-07T15:03:18","slug":"tableau-40x50cm","status":"publish","type":"product","link":"https:\/\/destouchesportrait.com\/index.php\/product\/tableau-40x50cm\/","title":{"rendered":"Peinture 40x50cm plus d&rsquo;informations"},"content":{"rendered":"<p>Tableau 40x50cm avec cadre noir<\/p>\n<p>Mes peintures sont grandeurs natures.<\/p>\n<p>Je peins vos tableaux apr\u00e8s entretiens avec vous en m&rsquo;inspirant de photos pr\u00e9alablement envoy\u00e9es.<\/p>\n<p>Prix fixe : 280\u20ac par animaux figurant sur la photo.<\/p>\n<p>&nbsp;<\/p>\n","protected":false},"excerpt":{"rendered":"<p>Tableau 40x50cm avec cadre noir Mes peintures sont grandeurs natures. Je peins vos tableaux apr\u00e8s entretiens avec vous en m&rsquo;inspirant<\/p>\n<p><a href=\"https:\/\/destouchesportrait.com\/index.php\/product\/tableau-40x50cm\/\" class=\"more-link\">Continue reading<span class=\"screen-reader-text\">Peinture 40x50cm plus d&rsquo;informations<\/span><\/a><\/p>\n","protected":false},"featured_media":194,"comment_status":"open","ping_status":"closed","template":"","meta":{"om_disable_all_campaigns":false,"_monsterinsights_skip_tracking":false,"_monsterinsights_sitenote_active":false,"_monsterinsights_sitenote_note":"","_monsterinsights_sitenote_category":0},"product_brand":[],"product_cat":[23],"product_tag":[24],"class_list":{"0":"post-97","1":"product","2":"type-product","3":"status-publish","4":"has-post-thumbnail","6":"product_cat-peintures","7":"product_tag-peintures","9":"first","10":"instock","11":"taxable","12":"shipping-taxable","13":"purchasable","14":"product-type-simple"},"jetpack_sharing_enabled":true,"_links":{"self":[{"href":"https:\/\/destouchesportrait.com\/index.php\/wp-json\/wp\/v2\/product\/97","targetHints":{"allow":["GET"]}}],"collection":[{"href":"https:\/\/destouchesportrait.com\/index.php\/wp-json\/wp\/v2\/product"}],"about":[{"href":"https:\/\/destouchesportrait.com\/index.php\/wp-json\/wp\/v2\/types\/product"}],"replies":[{"embeddable":true,"href":"https:\/\/destouchesportrait.com\/index.php\/wp-json\/wp\/v2\/comments?post=97"}],"wp:featuredmedia":[{"embeddable":true,"href":"https:\/\/destouchesportrait.com\/index.php\/wp-json\/wp\/v2\/media\/194"}],"wp:attachment":[{"href":"https:\/\/destouchesportrait.com\/index.php\/wp-json\/wp\/v2\/media?parent=97"}],"wp:term":[{"taxonomy":"product_brand","embeddable":true,"href":"https:\/\/destouchesportrait.com\/index.php\/wp-json\/wp\/v2\/product_brand?post=97"},{"taxonomy":"product_cat","embeddable":true,"href":"https:\/\/destouchesportrait.com\/index.php\/wp-json\/wp\/v2\/product_cat?post=97"},{"taxonomy":"product_tag","embeddable":true,"href":"https:\/\/destouchesportrait.com\/index.php\/wp-json\/wp\/v2\/product_tag?post=97"}],"curies":[{"name":"wp","href":"https:\/\/api.w.org\/{rel}","templated":true}]}}